{"id":1854,"date":"2015-12-06T10:00:25","date_gmt":"2015-12-06T10:00:25","guid":{"rendered":"http:\/\/www.tomundbasti.de\/index.php\/our-store\/"},"modified":"2025-01-21T15:29:26","modified_gmt":"2025-01-21T15:29:26","slug":"home-2","status":"publish","type":"page","link":"https:\/\/www.tomundbasti.de\/","title":{"rendered":"Home"},"content":{"rendered":"<p>[vc_row heading_color=&#8220;dark&#8220; bg_type=&#8220;image&#8220; bg_image=&#8220;27912&#8243; header_feature=&#8220;yes&#8220; font_color=&#8220;#000000&#8243; padding_top=&#8220;20&#8243; padding_bottom=&#8220;20&#8243; margin_bottom=&#8220;0&#8243;][vc_column width=&#8220;1\/6&#8243;][\/vc_column][vc_column width=&#8220;2\/3&#8243;]<div class=\"eut-element eut-slogan eut-align-center\" style=\"\"><div class=\"eut-subtitle\">Tom &amp; Basti, die waildlerische Antwort des 21. Jahrhunderts auf die unerreichten Volkss\u00e4nger-Originale Wei\u00df Ferdl und Roider Jackl<\/div><h1 class=\"eut-slogan-title eut-align-center eut-title-no-line\"><span>mia san tom und basti<\/span><\/h1>  <p class=\"\">20 Jahre sind die beiden mittlerweile als Wirtshausmusiker auf Tour. Aus den Buam aus der Mauth sind gstandene Mannsbilder geworden, in denen die alten Kindsk\u00f6pfe stecken. Sie ziehen mit Gitarre, Steirischer und ihren typischen alten Gew\u00e4ndern wie Vagabunden von Ort zu Ort. Grad so, als w\u00e4re die Uhr zur\u00fcckgedreht worden: Tom &amp; Basti verk\u00f6rpern die neue Art der R\u00fcckbesinnung. Ihre Liebe zu Heimat und Sprache ist in jedem St\u00fcck sp\u00fcrbar. Sie beweisen, dass Dialekt nichts Hinterk\u00fcnftiges, sondern Ausdruck eines wiederentdeckten (nieder-)bayerischen Selbstbewusstseins ist. Tom &amp; Basti stehen in erster Linie freilich f\u00fcr Spa\u00df und Gaudi, verstehen es jedoch auch einmal leisere T\u00f6ne anzuschlagen.<\/p><\/div>[\/vc_column][vc_column width=&#8220;1\/6&#8243;][\/vc_column][\/vc_row][vc_row heading_color=&#8220;dark&#8220; bg_type=&#8220;color&#8220; footer_feature=&#8220;yes&#8220; font_color=&#8220;rgba(0,0,0,0.7)&#8220; padding_top=&#8220;80&#8243; padding_bottom=&#8220;120&#8243; margin_bottom=&#8220;0&#8243; bg_color=&#8220;#dddddd&#8220;][vc_column width=&#8220;1\/6&#8243;][\/vc_column][vc_column width=&#8220;2\/3&#8243;]<div class=\"eut-element eut-box eut-align-center eut-animated-item eut-fadeInUp\" style=\"\" data-delay=\"200\"><div class=\"eut-media\"><a href=\"https:\/\/www.tomundbasti.de\/index.php\/produkt\/neue-cd-zwoaschneidig-vorbestellung-lieferung-ab-03-02\/\" target=\"_self\"><img decoding=\"async\" width=\"900\" height=\"798\" src=\"https:\/\/www.tomundbasti.de\/wp-content\/uploads\/2025\/01\/Bildschirmfoto-2025-01-21-um-15.57.58.png\" class=\"attachment-full size-full\" alt=\"\" srcset=\"https:\/\/www.tomundbasti.de\/wp-content\/uploads\/2025\/01\/Bildschirmfoto-2025-01-21-um-15.57.58.png 900w, https:\/\/www.tomundbasti.de\/wp-content\/uploads\/2025\/01\/Bildschirmfoto-2025-01-21-um-15.57.58-300x266.png 300w, https:\/\/www.tomundbasti.de\/wp-content\/uploads\/2025\/01\/Bildschirmfoto-2025-01-21-um-15.57.58-768x681.png 768w, https:\/\/www.tomundbasti.de\/wp-content\/uploads\/2025\/01\/Bildschirmfoto-2025-01-21-um-15.57.58-600x532.png 600w\" sizes=\"(max-width: 900px) 100vw, 900px\" \/><\/a><\/div>  <div class=\"eut-box-content\">    <a href=\"https:\/\/www.tomundbasti.de\/index.php\/produkt\/neue-cd-zwoaschneidig-vorbestellung-lieferung-ab-03-02\/\" target=\"_self\"><h5 class=\"eut-box-title\">zwoaschneidig<\/h5>    <\/a>    <p>Die aktuelle CD &#8222;zwoaschneidig&#8220; &#8211; ab sofort erh\u00e4ltlich!<\/p>    <a href=\"https:\/\/www.tomundbasti.de\/index.php\/produkt\/neue-cd-zwoaschneidig-vorbestellung-lieferung-ab-03-02\/\" target=\"_self\" class=\"eut-read-more\">zum Produkt<\/a>  <\/div><\/div>[\/vc_column][vc_column width=&#8220;1\/6&#8243;][\/vc_column][\/vc_row]<\/p>\n","protected":false},"excerpt":{"rendered":"<p>[vc_row heading_color=&#8220;dark&#8220; bg_type=&#8220;image&#8220; bg_image=&#8220;27912&#8243; header_feature=&#8220;yes&#8220; font_color=&#8220;#000000&#8243; padding_top=&#8220;20&#8243; padding_bottom=&#8220;20&#8243; margin_bottom=&#8220;0&#8243;][vc_column width=&#8220;1\/6&#8243;][\/vc_column][vc_column width=&#8220;2\/3&#8243;][\/vc_column][vc_column width=&#8220;1\/6&#8243;][\/vc_column][\/vc_row][vc_row heading_color=&#8220;dark&#8220; bg_type=&#8220;color&#8220; footer_feature=&#8220;yes&#8220; font_color=&#8220;rgba(0,0,0,0.7)&#8220; padding_top=&#8220;80&#8243; padding_bottom=&#8220;120&#8243; margin_bottom=&#8220;0&#8243; bg_color=&#8220;#dddddd&#8220;][vc_column width=&#8220;1\/6&#8243;][\/vc_column][vc_column width=&#8220;2\/3&#8243;][\/vc_column][vc_column width=&#8220;1\/6&#8243;][\/vc_column][\/vc_row]<\/p>\n","protected":false},"author":1,"featured_media":0,"parent":0,"menu_order":0,"comment_status":"closed","ping_status":"closed","template":"","meta":{"footnotes":""},"class_list":["post-1854","page","type-page","status-publish","hentry"],"_links":{"self":[{"href":"https:\/\/www.tomundbasti.de\/index.php\/wp-json\/wp\/v2\/pages\/1854","targetHints":{"allow":["GET"]}}],"collection":[{"href":"https:\/\/www.tomundbasti.de\/index.php\/wp-json\/wp\/v2\/pages"}],"about":[{"href":"https:\/\/www.tomundbasti.de\/index.php\/wp-json\/wp\/v2\/types\/page"}],"author":[{"embeddable":true,"href":"https:\/\/www.tomundbasti.de\/index.php\/wp-json\/wp\/v2\/users\/1"}],"replies":[{"embeddable":true,"href":"https:\/\/www.tomundbasti.de\/index.php\/wp-json\/wp\/v2\/comments?post=1854"}],"version-history":[{"count":16,"href":"https:\/\/www.tomundbasti.de\/index.php\/wp-json\/wp\/v2\/pages\/1854\/revisions"}],"predecessor-version":[{"id":30134,"href":"https:\/\/www.tomundbasti.de\/index.php\/wp-json\/wp\/v2\/pages\/1854\/revisions\/30134"}],"wp:attachment":[{"href":"https:\/\/www.tomundbasti.de\/index.php\/wp-json\/wp\/v2\/media?parent=1854"}],"curies":[{"name":"wp","href":"https:\/\/api.w.org\/{rel}","templated":true}]}}